{"id":10,"date":"2024-03-10T08:14:53","date_gmt":"2024-03-10T07:14:53","guid":{"rendered":"https:\/\/laferiadelmueble.com\/?page_id=10"},"modified":"2024-03-15T21:28:31","modified_gmt":"2024-03-16T03:28:31","slug":"inicio","status":"publish","type":"page","link":"https:\/\/laferiadelmueble.com\/","title":{"rendered":"Inicio"},"content":{"rendered":"\n<div class=\"wp-block-uagb-image uagb-block-20222ada wp-block-uagb-image--layout-default wp-block-uagb-image--effect-static wp-block-uagb-image--align-none\"><figure class=\"wp-block-uagb-image__figure\"><img decoding=\"async\" srcset=\"https:\/\/laferiadelmueble.com\/wp-content\/uploads\/2024\/03\/WhatsApp-Image-2022-02-14-at-8.53.48-PM-1-1024x1024.jpeg ,https:\/\/laferiadelmueble.com\/wp-content\/uploads\/2024\/03\/WhatsApp-Image-2022-02-14-at-8.53.48-PM-1.jpeg 780w, https:\/\/laferiadelmueble.com\/wp-content\/uploads\/2024\/03\/WhatsApp-Image-2022-02-14-at-8.53.48-PM-1.jpeg 360w\" sizes=\"auto, (max-width: 480px) 150px\" src=\"https:\/\/laferiadelmueble.com\/wp-content\/uploads\/2024\/03\/WhatsApp-Image-2022-02-14-at-8.53.48-PM-1-1024x1024.jpeg\" alt=\"\" class=\"uag-image-40\" width=\"1024\" height=\"1024\" title=\"WhatsApp-Image-2022-02-14-at-8.53.48-PM-1\" loading=\"lazy\" role=\"img\"\/><\/figure><\/div>\n\n\n\n<div class=\"wp-block-group alignfull has-ast-global-color-5-background-color has-background is-layout-constrained wp-container-core-group-is-layout-9cedb757 wp-block-group-is-layout-constrained\" style=\"padding-bottom:0px\">\n<div class=\"wp-block-columns are-vertically-aligned-top is-layout-flex wp-container-core-columns-is-layout-00723822 wp-block-columns-is-layout-flex\">\n<div class=\"wp-block-column is-vertically-aligned-top is-layout-flow wp-container-core-column-is-layout-6b73ce23 wp-block-column-is-layout-flow\">\n<figure class=\"wp-block-image size-large\"><img decoding=\"async\" src=\"https:\/\/laferiadelmueble.com\/wp-content\/themes\/astra\/inc\/assets\/images\/starter-content\/building.svg\" alt=\"\" class=\"wp-image-134\"\/><\/figure>\n\n\n\n<h3 class=\"wp-block-heading has-text-align-left\" style=\"margin-top:16px\">F\u00e1brica<\/h3>\n\n\n\n<p class=\"has-text-align-left\"><strong>Innovando permanentemente para ofrecerle los dise\u00f1os m\u00e1s recientes.<\/strong><\/p>\n<\/div>\n\n\n\n<div class=\"wp-block-column is-vertically-aligned-top is-layout-flow wp-container-core-column-is-layout-6b73ce23 wp-block-column-is-layout-flow\">\n<figure class=\"wp-block-image size-large\"><img decoding=\"async\" src=\"https:\/\/laferiadelmueble.com\/wp-content\/themes\/astra\/inc\/assets\/images\/starter-content\/shopping-bag.svg\" alt=\"\" class=\"wp-image-135\"\/><\/figure>\n\n\n\n<h3 class=\"wp-block-heading has-text-align-left\" style=\"margin-top:16px\">Tienda Online<\/h3>\n\n\n\n<p class=\"has-text-align-left\"><strong>Con servicio automatizado con inteligencia artificial para atenderle 24\/7.<\/strong><\/p>\n<\/div>\n\n\n\n<div class=\"wp-block-column is-vertically-aligned-top is-layout-flow wp-container-core-column-is-layout-6b73ce23 wp-block-column-is-layout-flow\">\n<figure class=\"wp-block-image size-large\"><img decoding=\"async\" src=\"https:\/\/laferiadelmueble.com\/wp-content\/themes\/astra\/inc\/assets\/images\/starter-content\/blog.svg\" alt=\"\" class=\"wp-image-136\"\/><\/figure>\n\n\n\n<h3 class=\"wp-block-heading has-text-align-left\" style=\"margin-top:16px\">Atenci\u00f3n al Cliente<\/h3>\n\n\n\n<p class=\"has-text-align-left\"><strong>Enfocados en servirle. Cualquier consulta que tenga estaremos atentos para servirle.<\/strong><\/p>\n<\/div>\n\n\n\n<div class=\"wp-block-column is-vertically-aligned-top is-layout-flow wp-container-core-column-is-layout-6b73ce23 wp-block-column-is-layout-flow\">\n<figure class=\"wp-block-image size-large\"><img decoding=\"async\" src=\"https:\/\/laferiadelmueble.com\/wp-content\/themes\/astra\/inc\/assets\/images\/starter-content\/portfolio.svg\" alt=\"\" class=\"wp-image-137\"\/><\/figure>\n\n\n\n<h3 class=\"wp-block-heading has-text-align-left\" style=\"margin-top:16px\">Cat\u00e1logo<\/h3>\n\n\n\n<p class=\"has-text-align-left\"><strong>Actualizando siempre nuestro cat\u00e1logo para traerle solo lo \u00faltimo en tendencias.<\/strong><\/p>\n<\/div>\n<\/div>\n<\/div>\n\n\n\n<div class=\"wp-block-group alignfull is-layout-constrained wp-container-core-group-is-layout-45b0ac4f wp-block-group-is-layout-constrained\" id=\"services\" style=\"padding-top:144px;padding-bottom:0px\">\n<h2 class=\"wp-block-heading\">Nuestros Productos<\/h2>\n\n\n\n<div class=\"wp-block-columns is-layout-flex wp-container-core-columns-is-layout-60cbf9bb wp-block-columns-is-layout-flex\" style=\"margin-top:50px\">\n<div class=\"wp-block-column is-layout-flow wp-container-core-column-is-layout-6b73ce23 wp-block-column-is-layout-flow\">\n<div class=\"wp-block-uagb-image uagb-block-ba406328 wp-block-uagb-image--layout-default wp-block-uagb-image--effect-static wp-block-uagb-image--align-none\"><figure class=\"wp-block-uagb-image__figure\"><img decoding=\"async\" srcset=\"https:\/\/laferiadelmueble.com\/wp-content\/uploads\/2024\/03\/WhatsApp-Image-2022-01-25-at-1.45.13-PM1-1024x1024.jpeg ,https:\/\/laferiadelmueble.com\/wp-content\/uploads\/2024\/03\/WhatsApp-Image-2022-01-25-at-1.45.13-PM1.jpeg 780w, https:\/\/laferiadelmueble.com\/wp-content\/uploads\/2024\/03\/WhatsApp-Image-2022-01-25-at-1.45.13-PM1.jpeg 360w\" sizes=\"auto, (max-width: 480px) 150px\" src=\"https:\/\/laferiadelmueble.com\/wp-content\/uploads\/2024\/03\/WhatsApp-Image-2022-01-25-at-1.45.13-PM1-1024x1024.jpeg\" alt=\"\" class=\"uag-image-33\" width=\"1024\" height=\"1024\" title=\"WhatsApp Image 2022-01-25 at 1.45.13 PM1\" loading=\"lazy\" role=\"img\"\/><\/figure><\/div>\n\n\n\n<figure class=\"wp-block-gallery has-nested-images columns-default is-cropped wp-block-gallery-1 is-layout-flex wp-block-gallery-is-layout-flex\"><\/figure>\n\n\n\n<h3 class=\"wp-block-heading\" style=\"margin-top:16px\"><strong>Butacas<\/strong><\/h3>\n\n\n\n<p><strong>Una colecci\u00f3n completa de Butacas en colores contempor\u00e1neos, que dan un toque de armon\u00eda a cualquier a ambiente.<\/strong><\/p>\n<\/div>\n\n\n\n<div class=\"wp-block-column is-layout-flow wp-container-core-column-is-layout-6b73ce23 wp-block-column-is-layout-flow\">\n<div class=\"wp-block-uagb-image uagb-block-f900a8da wp-block-uagb-image--layout-default wp-block-uagb-image--effect-static wp-block-uagb-image--align-none\"><figure class=\"wp-block-uagb-image__figure\"><img decoding=\"async\" srcset=\"https:\/\/laferiadelmueble.com\/wp-content\/uploads\/2024\/03\/WhatsApp-Image-2022-01-25-at-6.17.23-PM-1024x998.jpeg ,https:\/\/laferiadelmueble.com\/wp-content\/uploads\/2024\/03\/WhatsApp-Image-2022-01-25-at-6.17.23-PM.jpeg 780w, https:\/\/laferiadelmueble.com\/wp-content\/uploads\/2024\/03\/WhatsApp-Image-2022-01-25-at-6.17.23-PM.jpeg 360w\" sizes=\"auto, (max-width: 480px) 150px\" src=\"https:\/\/laferiadelmueble.com\/wp-content\/uploads\/2024\/03\/WhatsApp-Image-2022-01-25-at-6.17.23-PM-1024x998.jpeg\" alt=\"\" class=\"uag-image-45\" width=\"1024\" height=\"998\" title=\"WhatsApp Image 2022-01-25 at 6.17.23 PM\" loading=\"lazy\" role=\"img\"\/><\/figure><\/div>\n\n\n\n<figure class=\"wp-block-gallery has-nested-images columns-default is-cropped wp-block-gallery-2 is-layout-flex wp-block-gallery-is-layout-flex\"><\/figure>\n\n\n\n<h3 class=\"wp-block-heading\" style=\"margin-top:16px\"><strong>Salas<\/strong><\/h3>\n\n\n\n<p><strong>Nadie le sorprender\u00e1 como nosotros con una colecci\u00f3n tan atractiva de Salas en diferentes dise\u00f1os y colores.<\/strong><\/p>\n<\/div>\n\n\n\n<div class=\"wp-block-column is-layout-flow wp-container-core-column-is-layout-6b73ce23 wp-block-column-is-layout-flow\">\n<figure class=\"wp-block-image size-full\"><img loading=\"lazy\" decoding=\"async\" width=\"1200\" height=\"1170\" src=\"https:\/\/laferiadelmueble.com\/wp-content\/uploads\/2024\/03\/WhatsApp-Image-2022-02-14-at-8.49.23-PM-1.jpeg\" alt=\"\" class=\"wp-image-51\" srcset=\"https:\/\/laferiadelmueble.com\/wp-content\/uploads\/2024\/03\/WhatsApp-Image-2022-02-14-at-8.49.23-PM-1.jpeg 1200w, https:\/\/laferiadelmueble.com\/wp-content\/uploads\/2024\/03\/WhatsApp-Image-2022-02-14-at-8.49.23-PM-1-300x293.jpeg 300w, https:\/\/laferiadelmueble.com\/wp-content\/uploads\/2024\/03\/WhatsApp-Image-2022-02-14-at-8.49.23-PM-1-1024x998.jpeg 1024w, https:\/\/laferiadelmueble.com\/wp-content\/uploads\/2024\/03\/WhatsApp-Image-2022-02-14-at-8.49.23-PM-1-768x749.jpeg 768w\" sizes=\"auto, (max-width: 1200px) 100vw, 1200px\" \/><\/figure>\n\n\n\n<h3 class=\"wp-block-heading\" style=\"margin-top:16px\"><strong>Muebles de Jard\u00edn<\/strong><\/h3>\n\n\n\n<p><strong>El espacio para descansar nunca hab\u00eda sido tan confortable y atractivo como lo son ahora con nuestra l\u00ednea especial para jard\u00edn y patio.<\/strong><\/p>\n<\/div>\n<\/div>\n<\/div>\n\n\n\n<div class=\"wp-block-group alignfull has-ast-global-color-5-background-color has-background is-layout-constrained wp-container-core-group-is-layout-94d206d0 wp-block-group-is-layout-constrained\" id=\"about\" style=\"padding-top:143px;padding-bottom:144px\">\n<div class=\"wp-block-media-text has-media-on-the-right is-stacked-on-mobile is-vertically-aligned-center\"><div class=\"wp-block-media-text__content\">\n<div class=\"inherit-container-width wp-block-group is-layout-constrained wp-container-core-group-is-layout-47ce07ec wp-block-group-is-layout-constrained\" style=\"padding-right:80px\">\n<h2 class=\"wp-block-heading\" style=\"padding-right:40px\">Nuestro equipo siempre est\u00e1 analizando c\u00f3mo ofrecerle lo mejor&#8230;<\/h2>\n\n\n\n<p><strong>En verdad, debemos reconocer que nos mueve la pasi\u00f3n por lo que hacemos. Por eso en La Feria del Mueble analizamos hasta los m\u00e1s peque\u00f1os detalles con el objetivo de convertirnos en la Marca Insignia de muebles del pa\u00eds.<\/strong><\/p>\n\n\n\n<p><strong>Estamos profundamente agradecidos con el apoyo que hemos recibido tanto de la banca, como de proveedores y sobre todo de los clientes que han colaborado de manera directa en la difusi\u00f3n de nuestro de nuestra marca. <\/strong><\/p>\n<\/div>\n<\/div><figure class=\"wp-block-media-text__media\"><img decoding=\"async\" src=\"https:\/\/laferiadelmueble.com\/wp-content\/themes\/astra\/inc\/assets\/images\/starter-content\/about-us.jpg\" alt=\"\" class=\"wp-image-237 size-full\"\/><\/figure><\/div>\n<\/div>\n\n\n\n<div class=\"wp-block-group alignfull is-layout-constrained wp-container-core-group-is-layout-3fee123f wp-block-group-is-layout-constrained\" id=\"whyus\" style=\"padding-top:144px;padding-bottom:144px\">\n<h2 class=\"wp-block-heading\">Porqu\u00e9 la gente est\u00e1 comprando en La Feria del Mueble?<\/h2>\n\n\n\n<div class=\"wp-block-columns is-layout-flex wp-container-core-columns-is-layout-29aadeec wp-block-columns-is-layout-flex\" style=\"margin-top:60px\">\n<div class=\"wp-block-column is-layout-flow wp-container-core-column-is-layout-6b73ce23 wp-block-column-is-layout-flow\">\n<figure class=\"wp-block-image size-large\"><img decoding=\"async\" src=\"https:\/\/laferiadelmueble.com\/wp-content\/themes\/astra\/inc\/assets\/images\/starter-content\/passionate.svg\" alt=\"\" class=\"wp-image-162\"\/><\/figure>\n\n\n\n<h3 class=\"wp-block-heading\" style=\"margin-top:16px\">Servicio R\u00e1pido<\/h3>\n\n\n\n<p><strong>Nuestro equipo siempre est\u00e1 alerta para poder atenderle como se lo merece.<\/strong><\/p>\n<\/div>\n\n\n\n<div class=\"wp-block-column is-layout-flow wp-container-core-column-is-layout-6b73ce23 wp-block-column-is-layout-flow\">\n<figure class=\"wp-block-image size-large\"><img decoding=\"async\" src=\"https:\/\/laferiadelmueble.com\/wp-content\/themes\/astra\/inc\/assets\/images\/starter-content\/professional.svg\" alt=\"\" class=\"wp-image-163\"\/><\/figure>\n\n\n\n<h3 class=\"wp-block-heading\" style=\"margin-top:16px\">Precios Bajos<\/h3>\n\n\n\n<p><strong>Antes de comprar, cotice. Tenemos los mejores precios&#8230; Garantizado!<\/strong><\/p>\n<\/div>\n\n\n\n<div class=\"wp-block-column is-layout-flow wp-container-core-column-is-layout-6b73ce23 wp-block-column-is-layout-flow\">\n<figure class=\"wp-block-image size-large\"><img decoding=\"async\" src=\"https:\/\/laferiadelmueble.com\/wp-content\/themes\/astra\/inc\/assets\/images\/starter-content\/support.svg\" alt=\"\" class=\"wp-image-164\"\/><\/figure>\n\n\n\n<h3 class=\"wp-block-heading\" style=\"margin-top:16px\">Alta Calidad y Garant\u00eda<\/h3>\n\n\n\n<p><strong>Todos nuestros muebles tienen garant\u00eda por desperfectos de f\u00e1brica.<\/strong><\/p>\n<\/div>\n<\/div>\n<\/div>\n\n\n\n<div class=\"wp-block-group alignfull has-background is-layout-constrained wp-container-core-group-is-layout-cfcca693 wp-block-group-is-layout-constrained\" id=\"contact\" style=\"background:linear-gradient(35deg,rgb(6,0,151) 0%,rgb(130,4,255) 64%,rgb(193,15,255) 98%);padding-top:104px;padding-bottom:104px\">\n<p class=\"has-text-align-center has-ast-global-color-5-color has-text-color has-link-color wp-elements-397f07139dbf1388d09c77d872be657a\" style=\"font-size:29px\"><strong>OFICINAS: Diagonal 6, 10-50 Zona 10, Edificio Interam\u00e9ricas, primer nivel, oficina 118, Ciudad de Guatemala, Guatemala.  Tel\u00e9fonos:               (502) 2336-5689               (502) 40520254.             email: info@laferiadelmueble.com<\/strong><\/p>\n\n\n\n<p> <\/p>\n<\/div>\n\n\n\n<div class=\"wp-block-uagb-image uagb-block-47ceeaa3 wp-block-uagb-image--layout-default wp-block-uagb-image--effect-static wp-block-uagb-image--align-none\"><figure class=\"wp-block-uagb-image__figure\"><\/figure><\/div>\n\n\n\n<div class=\"wp-block-uagb-image uagb-block-e7ec2e0c wp-block-uagb-image--layout-default wp-block-uagb-image--effect-static wp-block-uagb-image--align-none\"><figure class=\"wp-block-uagb-image__figure\"><\/figure><\/div>\n","protected":false},"excerpt":{"rendered":"<p>F\u00e1brica Innovando permanentemente para ofrecerle los dise\u00f1os m\u00e1s recientes. Tienda Online Con servicio automatizado con inteligencia artificial para atenderle 24\/7. [&hellip;]<\/p>\n","protected":false},"author":1,"featured_media":0,"parent":0,"menu_order":0,"comment_status":"closed","ping_status":"closed","template":"","meta":{"_uag_custom_page_level_css":"","site-sidebar-layout":"no-sidebar","site-content-layout":"plain-container","ast-site-content-layout":"default","site-content-style":"default","site-sidebar-style":"default","ast-global-header-display":"","ast-banner-title-visibility":"","ast-main-header-display":"","ast-hfb-above-header-display":"","ast-hfb-below-header-display":"","ast-hfb-mobile-header-display":"","site-post-title":"disabled","ast-breadcrumbs-content":"","ast-featured-img":"","footer-sml-layout":"","ast-disable-related-posts":"","theme-transparent-header-meta":"enabled","adv-header-id-meta":"","stick-header-meta":"","header-above-stick-meta":"","header-main-stick-meta":"","header-below-stick-meta":"","astra-migrate-meta-layouts":"default","ast-page-background-enabled":"default","ast-page-background-meta":{"desktop":{"background-color":"var(--ast-global-color-4)","background-image":"","background-repeat":"repeat","background-position":"center center","background-size":"auto","background-attachment":"scroll","background-type":"","background-media":"","overlay-type":"","overlay-color":"","overlay-opacity":"","overlay-gradient":""},"tablet":{"background-color":"","background-image":"","background-repeat":"repeat","background-position":"center center","background-size":"auto","background-attachment":"scroll","background-type":"","background-media":"","overlay-type":"","overlay-color":"","overlay-opacity":"","overlay-gradient":""},"mobile":{"background-color":"","background-image":"","background-repeat":"repeat","background-position":"center center","background-size":"auto","background-attachment":"scroll","background-type":"","background-media":"","overlay-type":"","overlay-color":"","overlay-opacity":"","overlay-gradient":""}},"ast-content-background-meta":{"desktop":{"background-color":"var(--ast-global-color-5)","background-image":"","background-repeat":"repeat","background-position":"center center","background-size":"auto","background-attachment":"scroll","background-type":"","background-media":"","overlay-type":"","overlay-color":"","overlay-opacity":"","overlay-gradient":""},"tablet":{"background-color":"var(--ast-global-color-5)","background-image":"","background-repeat":"repeat","background-position":"center center","background-size":"auto","background-attachment":"scroll","background-type":"","background-media":"","overlay-type":"","overlay-color":"","overlay-opacity":"","overlay-gradient":""},"mobile":{"background-color":"var(--ast-global-color-5)","background-image":"","background-repeat":"repeat","background-position":"center center","background-size":"auto","background-attachment":"scroll","background-type":"","background-media":"","overlay-type":"","overlay-color":"","overlay-opacity":"","overlay-gradient":""}},"footnotes":""},"class_list":["post-10","page","type-page","status-publish","hentry"],"yoast_head":"<!-- This site is optimized with the Yoast SEO plugin v27.3 - https:\/\/yoast.com\/product\/yoast-seo-wordpress\/ -->\n<title>Inicio - La Feria del Mueble<\/title>\n<meta name=\"robots\" content=\"index, follow, max-snippet:-1, max-image-preview:large, max-video-preview:-1\" \/>\n<link rel=\"canonical\" href=\"https:\/\/laferiadelmueble.com\/\" \/>\n<meta property=\"og:locale\" content=\"es_ES\" \/>\n<meta property=\"og:type\" content=\"article\" \/>\n<meta property=\"og:title\" content=\"Inicio - La Feria del Mueble\" \/>\n<meta property=\"og:description\" content=\"F\u00e1brica Innovando permanentemente para ofrecerle los dise\u00f1os m\u00e1s recientes. Tienda Online Con servicio automatizado con inteligencia artificial para atenderle 24\/7. [&hellip;]\" \/>\n<meta property=\"og:url\" content=\"https:\/\/laferiadelmueble.com\/\" \/>\n<meta property=\"og:site_name\" content=\"La Feria del Mueble\" \/>\n<meta property=\"article:modified_time\" content=\"2024-03-16T03:28:31+00:00\" \/>\n<meta property=\"og:image\" content=\"https:\/\/laferiadelmueble.com\/wp-content\/uploads\/2024\/03\/WhatsApp-Image-2022-02-14-at-8.53.48-PM-1-1024x1024.jpeg\" \/>\n<meta name=\"twitter:card\" content=\"summary_large_image\" \/>\n<meta name=\"twitter:label1\" content=\"Tiempo de lectura\" \/>\n\t<meta name=\"twitter:data1\" content=\"4 minutos\" \/>\n<script type=\"application\/ld+json\" class=\"yoast-schema-graph\">{\"@context\":\"https:\\\/\\\/schema.org\",\"@graph\":[{\"@type\":\"WebPage\",\"@id\":\"https:\\\/\\\/laferiadelmueble.com\\\/\",\"url\":\"https:\\\/\\\/laferiadelmueble.com\\\/\",\"name\":\"Inicio - La Feria del Mueble\",\"isPartOf\":{\"@id\":\"https:\\\/\\\/laferiadelmueble.com\\\/#website\"},\"primaryImageOfPage\":{\"@id\":\"https:\\\/\\\/laferiadelmueble.com\\\/#primaryimage\"},\"image\":{\"@id\":\"https:\\\/\\\/laferiadelmueble.com\\\/#primaryimage\"},\"thumbnailUrl\":\"https:\\\/\\\/laferiadelmueble.com\\\/wp-content\\\/uploads\\\/2024\\\/03\\\/WhatsApp-Image-2022-02-14-at-8.53.48-PM-1-1024x1024.jpeg\",\"datePublished\":\"2024-03-10T07:14:53+00:00\",\"dateModified\":\"2024-03-16T03:28:31+00:00\",\"breadcrumb\":{\"@id\":\"https:\\\/\\\/laferiadelmueble.com\\\/#breadcrumb\"},\"inLanguage\":\"es\",\"potentialAction\":[{\"@type\":\"ReadAction\",\"target\":[\"https:\\\/\\\/laferiadelmueble.com\\\/\"]}]},{\"@type\":\"ImageObject\",\"inLanguage\":\"es\",\"@id\":\"https:\\\/\\\/laferiadelmueble.com\\\/#primaryimage\",\"url\":\"https:\\\/\\\/laferiadelmueble.com\\\/wp-content\\\/uploads\\\/2024\\\/03\\\/WhatsApp-Image-2022-02-14-at-8.53.48-PM-1-1024x1024.jpeg\",\"contentUrl\":\"https:\\\/\\\/laferiadelmueble.com\\\/wp-content\\\/uploads\\\/2024\\\/03\\\/WhatsApp-Image-2022-02-14-at-8.53.48-PM-1-1024x1024.jpeg\"},{\"@type\":\"BreadcrumbList\",\"@id\":\"https:\\\/\\\/laferiadelmueble.com\\\/#breadcrumb\",\"itemListElement\":[{\"@type\":\"ListItem\",\"position\":1,\"name\":\"Portada\",\"item\":\"https:\\\/\\\/laferiadelmueble.com\\\/\"},{\"@type\":\"ListItem\",\"position\":2,\"name\":\"Inicio\"}]},{\"@type\":\"WebSite\",\"@id\":\"https:\\\/\\\/laferiadelmueble.com\\\/#website\",\"url\":\"https:\\\/\\\/laferiadelmueble.com\\\/\",\"name\":\"La Feria del Mueble\",\"description\":\"\",\"potentialAction\":[{\"@type\":\"SearchAction\",\"target\":{\"@type\":\"EntryPoint\",\"urlTemplate\":\"https:\\\/\\\/laferiadelmueble.com\\\/?s={search_term_string}\"},\"query-input\":{\"@type\":\"PropertyValueSpecification\",\"valueRequired\":true,\"valueName\":\"search_term_string\"}}],\"inLanguage\":\"es\"}]}<\/script>\n<!-- \/ Yoast SEO plugin. -->","yoast_head_json":{"title":"Inicio - La Feria del Mueble","robots":{"index":"index","follow":"follow","max-snippet":"max-snippet:-1","max-image-preview":"max-image-preview:large","max-video-preview":"max-video-preview:-1"},"canonical":"https:\/\/laferiadelmueble.com\/","og_locale":"es_ES","og_type":"article","og_title":"Inicio - La Feria del Mueble","og_description":"F\u00e1brica Innovando permanentemente para ofrecerle los dise\u00f1os m\u00e1s recientes. Tienda Online Con servicio automatizado con inteligencia artificial para atenderle 24\/7. [&hellip;]","og_url":"https:\/\/laferiadelmueble.com\/","og_site_name":"La Feria del Mueble","article_modified_time":"2024-03-16T03:28:31+00:00","og_image":[{"url":"https:\/\/laferiadelmueble.com\/wp-content\/uploads\/2024\/03\/WhatsApp-Image-2022-02-14-at-8.53.48-PM-1-1024x1024.jpeg","type":"","width":"","height":""}],"twitter_card":"summary_large_image","twitter_misc":{"Tiempo de lectura":"4 minutos"},"schema":{"@context":"https:\/\/schema.org","@graph":[{"@type":"WebPage","@id":"https:\/\/laferiadelmueble.com\/","url":"https:\/\/laferiadelmueble.com\/","name":"Inicio - La Feria del Mueble","isPartOf":{"@id":"https:\/\/laferiadelmueble.com\/#website"},"primaryImageOfPage":{"@id":"https:\/\/laferiadelmueble.com\/#primaryimage"},"image":{"@id":"https:\/\/laferiadelmueble.com\/#primaryimage"},"thumbnailUrl":"https:\/\/laferiadelmueble.com\/wp-content\/uploads\/2024\/03\/WhatsApp-Image-2022-02-14-at-8.53.48-PM-1-1024x1024.jpeg","datePublished":"2024-03-10T07:14:53+00:00","dateModified":"2024-03-16T03:28:31+00:00","breadcrumb":{"@id":"https:\/\/laferiadelmueble.com\/#breadcrumb"},"inLanguage":"es","potentialAction":[{"@type":"ReadAction","target":["https:\/\/laferiadelmueble.com\/"]}]},{"@type":"ImageObject","inLanguage":"es","@id":"https:\/\/laferiadelmueble.com\/#primaryimage","url":"https:\/\/laferiadelmueble.com\/wp-content\/uploads\/2024\/03\/WhatsApp-Image-2022-02-14-at-8.53.48-PM-1-1024x1024.jpeg","contentUrl":"https:\/\/laferiadelmueble.com\/wp-content\/uploads\/2024\/03\/WhatsApp-Image-2022-02-14-at-8.53.48-PM-1-1024x1024.jpeg"},{"@type":"BreadcrumbList","@id":"https:\/\/laferiadelmueble.com\/#breadcrumb","itemListElement":[{"@type":"ListItem","position":1,"name":"Portada","item":"https:\/\/laferiadelmueble.com\/"},{"@type":"ListItem","position":2,"name":"Inicio"}]},{"@type":"WebSite","@id":"https:\/\/laferiadelmueble.com\/#website","url":"https:\/\/laferiadelmueble.com\/","name":"La Feria del Mueble","description":"","potentialAction":[{"@type":"SearchAction","target":{"@type":"EntryPoint","urlTemplate":"https:\/\/laferiadelmueble.com\/?s={search_term_string}"},"query-input":{"@type":"PropertyValueSpecification","valueRequired":true,"valueName":"search_term_string"}}],"inLanguage":"es"}]}},"uagb_featured_image_src":{"full":false,"thumbnail":false,"medium":false,"medium_large":false,"large":false,"1536x1536":false,"2048x2048":false},"uagb_author_info":{"display_name":"GaboZaid","author_link":"https:\/\/laferiadelmueble.com\/?author=1"},"uagb_comment_info":0,"uagb_excerpt":"F\u00e1brica Innovando permanentemente para ofrecerle los dise\u00f1os m\u00e1s recientes. Tienda Online Con servicio automatizado con inteligencia artificial para atenderle 24\/7. [&hellip;]","_links":{"self":[{"href":"https:\/\/laferiadelmueble.com\/index.php?rest_route=\/wp\/v2\/pages\/10","targetHints":{"allow":["GET"]}}],"collection":[{"href":"https:\/\/laferiadelmueble.com\/index.php?rest_route=\/wp\/v2\/pages"}],"about":[{"href":"https:\/\/laferiadelmueble.com\/index.php?rest_route=\/wp\/v2\/types\/page"}],"author":[{"embeddable":true,"href":"https:\/\/laferiadelmueble.com\/index.php?rest_route=\/wp\/v2\/users\/1"}],"replies":[{"embeddable":true,"href":"https:\/\/laferiadelmueble.com\/index.php?rest_route=%2Fwp%2Fv2%2Fcomments&post=10"}],"version-history":[{"count":64,"href":"https:\/\/laferiadelmueble.com\/index.php?rest_route=\/wp\/v2\/pages\/10\/revisions"}],"predecessor-version":[{"id":146,"href":"https:\/\/laferiadelmueble.com\/index.php?rest_route=\/wp\/v2\/pages\/10\/revisions\/146"}],"wp:attachment":[{"href":"https:\/\/laferiadelmueble.com\/index.php?rest_route=%2Fwp%2Fv2%2Fmedia&parent=10"}],"curies":[{"name":"wp","href":"https:\/\/api.w.org\/{rel}","templated":true}]}}